{"id":11283,"date":"2025-10-24T16:40:45","date_gmt":"2025-10-24T16:40:45","guid":{"rendered":"https:\/\/tl.world\/?page_id=11283"},"modified":"2026-02-11T15:15:14","modified_gmt":"2026-02-11T15:15:14","slug":"the-brief-acesso","status":"publish","type":"page","link":"https:\/\/tl.world\/pt-br\/the-brief-acesso\/","title":{"rendered":"The Brief acesso"},"content":{"rendered":"\t\t<div data-elementor-type=\"wp-page\" data-elementor-id=\"11283\" class=\"elementor elementor-11283 elementor-9714\" data-elementor-post-type=\"page\">\n\t\t\t\t<div class=\"elementor-element elementor-element-88411d4 e-con-full e-flex wpr-particle-no wpr-jarallax-no wpr-sticky-section-no wpr-equal-height-no e-con e-parent\" data-id=\"88411d4\" data-element_type=\"container\" data-e-type=\"container\" data-settings=\"{&quot;background_background&quot;:&quot;classic&quot;,&quot;jet_parallax_layout_list&quot;:[]}\">\n\t\t<div class=\"elementor-element elementor-element-e42147e e-con-full e-flex wpr-particle-no wpr-jarallax-no wpr-sticky-section-no wpr-equal-height-no e-con e-child\" data-id=\"e42147e\" data-element_type=\"container\" data-e-type=\"container\" data-settings=\"{&quot;background_background&quot;:&quot;classic&quot;,&quot;jet_parallax_layout_list&quot;:[]}\">\n\t\t\t\t<div class=\"elementor-element elementor-element-d4c040a elementor-widget elementor-widget-image\" data-id=\"d4c040a\" data-element_type=\"widget\" data-e-type=\"widget\" data-widget_type=\"image.default\">\n\t\t\t\t<div class=\"elementor-widget-container\">\n\t\t\t\t\t\t\t\t\t\t\t\t\t\t\t<img loading=\"lazy\" decoding=\"async\" width=\"370\" height=\"372\" src=\"https:\/\/tl.world\/wp-content\/uploads\/2025\/07\/Mind.png\" class=\"attachment-full size-full wp-image-9365\" alt=\"\" srcset=\"https:\/\/tl.world\/wp-content\/uploads\/2025\/07\/Mind.png 370w, https:\/\/tl.world\/wp-content\/uploads\/2025\/07\/Mind-298x300.png 298w, https:\/\/tl.world\/wp-content\/uploads\/2025\/07\/Mind-150x150.png 150w\" sizes=\"auto, (max-width: 370px) 100vw, 370px\" title=\"\">\t\t\t\t\t\t\t\t\t\t\t\t\t\t\t<\/div>\n\t\t\t\t<\/div>\n\t\t\t\t<div class=\"elementor-element elementor-element-250fa65 elementor-widget elementor-widget-heading\" data-id=\"250fa65\" data-element_type=\"widget\" data-e-type=\"widget\" data-widget_type=\"heading.default\">\n\t\t\t\t<div class=\"elementor-widget-container\">\n\t\t\t\t\t<h2 class=\"elementor-heading-title elementor-size-default\"> [ The Brief - Part 3]<\/h2>\t\t\t\t<\/div>\n\t\t\t\t<\/div>\n\t\t\t\t<div class=\"elementor-element elementor-element-f54a94d elementor-widget__width-initial elementor-widget elementor-widget-text-editor\" data-id=\"f54a94d\" data-element_type=\"widget\" data-e-type=\"widget\" data-widget_type=\"text-editor.default\">\n\t\t\t\t<div class=\"elementor-widget-container\">\n\t\t\t\t\t\t\t\t\t<p class=\"p1\"><span class=\"s1\">O lado intelectual da TL &#8211; agora oficialmente chamado de TL Mind &#8211; teve uma ideia brilhante: e se analis\u00e1ssemos relat\u00f3rios do setor, extra\u00edssemos o essencial e o transform\u00e1ssemos em insights concisos que voc\u00ea pudesse usar no dia a dia? <\/span><\/p><p class=\"p1\"><span class=\"s1\">Meet: The Brief &#8211; Part 3<br><\/span>Tend\u00eancias de forma simples. Informa\u00e7\u00f5es \u00fateis.<\/p>\t\t\t\t\t\t\t\t<\/div>\n\t\t\t\t<\/div>\n\t\t\t\t<\/div>\n\t\t<div class=\"elementor-element elementor-element-d013bdc e-con-full e-flex wpr-particle-no wpr-jarallax-no wpr-sticky-section-no wpr-equal-height-no e-con e-child\" data-id=\"d013bdc\" data-element_type=\"container\" data-e-type=\"container\" data-settings=\"{&quot;background_background&quot;:&quot;classic&quot;,&quot;jet_parallax_layout_list&quot;:[]}\">\n\t\t<div class=\"elementor-element elementor-element-3105d3f e-con-full e-flex wpr-particle-no wpr-jarallax-no wpr-sticky-section-no wpr-equal-height-no e-con e-child\" data-id=\"3105d3f\" data-element_type=\"container\" data-e-type=\"container\" data-settings=\"{&quot;jet_parallax_layout_list&quot;:[],&quot;background_background&quot;:&quot;classic&quot;}\">\n\t\t\t\t<div class=\"elementor-element elementor-element-ac487b4 elementor-widget-mobile__width-initial elementor-widget elementor-widget-text-editor\" data-id=\"ac487b4\" data-element_type=\"widget\" data-e-type=\"widget\" data-widget_type=\"text-editor.default\">\n\t\t\t\t<div class=\"elementor-widget-container\">\n\t\t\t\t\t\t\t\t\t<p>Por favor, inscreva-se para acessar. THE BRIEF &#8211; Part 3.<\/p>\t\t\t\t\t\t\t\t<\/div>\n\t\t\t\t<\/div>\n\t\t\t\t<div class=\"elementor-element elementor-element-1745ab1 elementor-button-align-end elementor-widget-mobile__width-initial elementor-widget__width-initial elementor-widget elementor-widget-form\" data-id=\"1745ab1\" data-element_type=\"widget\" data-e-type=\"widget\" data-settings=\"{&quot;step_next_label&quot;:&quot;Pr\\u00f3ximo&quot;,&quot;step_previous_label&quot;:&quot;Anterior&quot;,&quot;button_width&quot;:&quot;100&quot;,&quot;step_type&quot;:&quot;number_text&quot;,&quot;step_icon_shape&quot;:&quot;circle&quot;}\" data-widget_type=\"form.default\">\n\t\t\t\t<div class=\"elementor-widget-container\">\n\t\t\t\t\t\t\t<form class=\"elementor-form\" method=\"post\" id=\"the_brief_access_id\" name=\"The Brief acesso\" aria-label=\"The Brief acesso\">\n\t\t\t<input type=\"hidden\" name=\"post_id\" value=\"11283\"\/>\n\t\t\t<input type=\"hidden\" name=\"form_id\" value=\"1745ab1\"\/>\n\t\t\t<input type=\"hidden\" name=\"referer_title\" value=\"\" \/>\n\n\t\t\t\n\t\t\t<div class=\"elementor-form-fields-wrapper elementor-labels-above\">\n\t\t\t\t\t\t\t\t<div class=\"elementor-field-type-text elementor-field-group elementor-column elementor-field-group-name elementor-col-100 elementor-field-required\">\n\t\t\t\t\t\t\t\t\t\t\t\t<label for=\"form-field-name\" class=\"elementor-field-label\">\n\t\t\t\t\t\t\t\tNome*\t\t\t\t\t\t\t<\/label>\n\t\t\t\t\t\t\t\t\t\t\t\t\t\t<input size=\"1\" type=\"text\" name=\"form_fields[name]\" id=\"form-field-name\" class=\"elementor-field elementor-size-sm  elementor-field-textual\" required=\"required\">\n\t\t\t\t\t\t\t\t\t\t\t<\/div>\n\t\t\t\t\t\t\t\t<div class=\"elementor-field-type-email elementor-field-group elementor-column elementor-field-group-field_e051d6b elementor-col-100 elementor-field-required\">\n\t\t\t\t\t\t\t\t\t\t\t\t<label for=\"form-field-field_e051d6b\" class=\"elementor-field-label\">\n\t\t\t\t\t\t\t\tEmail*\t\t\t\t\t\t\t<\/label>\n\t\t\t\t\t\t\t\t\t\t\t\t\t\t<input size=\"1\" type=\"email\" name=\"form_fields[field_e051d6b]\" id=\"form-field-field_e051d6b\" class=\"elementor-field elementor-size-sm  elementor-field-textual\" required=\"required\">\n\t\t\t\t\t\t\t\t\t\t\t<\/div>\n\t\t\t\t\t\t\t\t<div class=\"elementor-field-type-text elementor-field-group elementor-column elementor-field-group-field_2a43be0 elementor-col-100 elementor-field-required\">\n\t\t\t\t\t\t\t\t\t\t\t\t<label for=\"form-field-field_2a43be0\" class=\"elementor-field-label\">\n\t\t\t\t\t\t\t\tTelefone*\t\t\t\t\t\t\t<\/label>\n\t\t\t\t\t\t\t\t\t\t\t\t\t\t<input size=\"1\" type=\"text\" name=\"form_fields[field_2a43be0]\" id=\"form-field-field_2a43be0\" class=\"elementor-field elementor-size-sm  elementor-field-textual\" required=\"required\">\n\t\t\t\t\t\t\t\t\t\t\t<\/div>\n\t\t\t\t\t\t\t\t<div class=\"elementor-field-type-text elementor-field-group elementor-column elementor-field-group-field_920fb80 elementor-col-100 elementor-field-required\">\n\t\t\t\t\t\t\t\t\t\t\t\t<label for=\"form-field-field_920fb80\" class=\"elementor-field-label\">\n\t\t\t\t\t\t\t\tPa\u00eds*\t\t\t\t\t\t\t<\/label>\n\t\t\t\t\t\t\t\t\t\t\t\t\t\t<input size=\"1\" type=\"text\" name=\"form_fields[field_920fb80]\" id=\"form-field-field_920fb80\" class=\"elementor-field elementor-size-sm  elementor-field-textual\" required=\"required\">\n\t\t\t\t\t\t\t\t\t\t\t<\/div>\n\t\t\t\t\t\t\t\t<div class=\"elementor-field-type-text elementor-field-group elementor-column elementor-field-group-email elementor-col-100 elementor-field-required\">\n\t\t\t\t\t\t\t\t\t\t\t\t<label for=\"form-field-email\" class=\"elementor-field-label\">\n\t\t\t\t\t\t\t\tNome da Empresa*\t\t\t\t\t\t\t<\/label>\n\t\t\t\t\t\t\t\t\t\t\t\t\t\t<input size=\"1\" type=\"text\" name=\"form_fields[email]\" id=\"form-field-email\" class=\"elementor-field elementor-size-sm  elementor-field-textual\" required=\"required\">\n\t\t\t\t\t\t\t\t\t\t\t<\/div>\n\t\t\t\t\t\t\t\t<div class=\"elementor-field-type-recaptcha_v3 elementor-field-group elementor-column elementor-field-group-field_c052801 elementor-col-100 recaptcha_v3-bottomright\">\n\t\t\t\t\t<div class=\"elementor-field\" id=\"form-field-field_c052801\"><div class=\"elementor-g-recaptcha\" data-sitekey=\"6LfxwTErAAAAAG0HQn93rUTjpXfk0Nf_t3IpKPd1\" data-type=\"v3\" data-action=\"Form\" data-badge=\"bottomright\" data-size=\"invisible\"><\/div><\/div>\t\t\t\t<\/div>\n\t\t\t\t\t\t\t\t<div class=\"elementor-field-group elementor-column elementor-field-type-submit elementor-col-100 e-form__buttons\">\n\t\t\t\t\t<button class=\"elementor-button elementor-size-sm elementor-animation-grow\" type=\"submit\">\n\t\t\t\t\t\t<span class=\"elementor-button-content-wrapper\">\n\t\t\t\t\t\t\t\t\t\t\t\t\t\t\t\t\t\t\t\t\t\t<span class=\"elementor-button-text\">Enviar<\/span>\n\t\t\t\t\t\t\t\t\t\t\t\t\t<\/span>\n\t\t\t\t\t<\/button>\n\t\t\t\t<\/div>\n\t\t\t<\/div>\n\t\t<\/form>\n\t\t\t\t\t\t<\/div>\n\t\t\t\t<\/div>\n\t\t\t\t<\/div>\n\t\t\t\t<\/div>\n\t\t\t\t<\/div>\n\t\t\t\t<\/div>\n\t\t","protected":false},"excerpt":{"rendered":"<p>[ The Brief &#8211; Part 3] O lado intelectual da TL &#8211; agora oficialmente chamado de TL Mind &#8211; teve uma ideia brilhante: e se analis\u00e1ssemos relat\u00f3rios do setor, extra\u00edssemos o essencial e o transform\u00e1ssemos em insights concisos que voc\u00ea pudesse usar no dia a dia? Meet: The Brief &#8211; Part 3Tend\u00eancias de forma simples. Informa\u00e7\u00f5es \u00fateis. Por favor, inscreva-se para acessar. THE BRIEF &#8211; Part 3.<\/p>\n","protected":false},"author":2,"featured_media":0,"parent":0,"menu_order":0,"comment_status":"closed","ping_status":"closed","template":"elementor_header_footer","meta":{"footnotes":""},"class_list":["post-11283","page","type-page","status-publish","hentry"],"_links":{"self":[{"href":"https:\/\/tl.world\/pt-br\/wp-json\/wp\/v2\/pages\/11283","targetHints":{"allow":["GET"]}}],"collection":[{"href":"https:\/\/tl.world\/pt-br\/wp-json\/wp\/v2\/pages"}],"about":[{"href":"https:\/\/tl.world\/pt-br\/wp-json\/wp\/v2\/types\/page"}],"author":[{"embeddable":true,"href":"https:\/\/tl.world\/pt-br\/wp-json\/wp\/v2\/users\/2"}],"replies":[{"embeddable":true,"href":"https:\/\/tl.world\/pt-br\/wp-json\/wp\/v2\/comments?post=11283"}],"version-history":[{"count":6,"href":"https:\/\/tl.world\/pt-br\/wp-json\/wp\/v2\/pages\/11283\/revisions"}],"predecessor-version":[{"id":15982,"href":"https:\/\/tl.world\/pt-br\/wp-json\/wp\/v2\/pages\/11283\/revisions\/15982"}],"wp:attachment":[{"href":"https:\/\/tl.world\/pt-br\/wp-json\/wp\/v2\/media?parent=11283"}],"curies":[{"name":"wp","href":"https:\/\/api.w.org\/{rel}","templated":true}]}}